{"id":69305,"date":"2016-10-27T08:51:56","date_gmt":"2016-10-27T12:51:56","guid":{"rendered":"https:\/\/www.samaritanspurse.org\/?page_id=69305"},"modified":"2017-07-21T10:18:27","modified_gmt":"2017-07-21T14:18:27","slug":"order-rebel-with-a-cause-confirmation","status":"publish","type":"page","link":"https:\/\/www.samaritanspurse.org\/es\/order-rebel-with-a-cause-confirmation\/","title":{"rendered":"Order Rebel with a cause Confirmation"},"content":{"rendered":"<div id=\"lp-header\">\r\n\t<div class=\"lp-header-title\">\r\n        <h1>Rebel With a Cause (Rebelde con Causa)<\/h1>\r\n    <\/div>\r\n\t<div class=\"reverse-triangle\"><\/div>\r\n<\/div>\r\n\r\n<div class=\"section column initial\">\r\n  \t<p class=\"book-image\"><img decoding=\"async\" src=\"https:\/\/s3.theark.cloud\/sp-comm-arkfiles\/legacy\/sp-genesis-assets\/website\/2016-RWC-Book-Order\/rebel%20book%20copy.jpg\" alt=\"Rebel with a Cause Book\" width=\"50%\" \/><\/p>\r\n\t<h3>Order Your Free Copy Today<\/h3>\r\n    \r\n    <div class=\"social-bar2 post-info\">\r\n        <div onclick=\"window.open('https:\/\/www.facebook.com\/sharer\/sharer.php?u='+encodeURIComponent(location.href), '','width=626,height=436');\">\r\n            <div class=\"social social-fb\"><\/div>\r\n            <span>Comparte lugares de entrega y horas de operaci\u00f3n que atienden su \u00e1rea de cobertura<\/span>\r\n        <\/div>\r\n        \r\n        <div>\r\n            <a target=\"_blank\"  href=\"https:\/\/twitter.com\/intent\/tweet?url=http:\/\/sampur.se\/2e254kS&text=Order%20Your%20Free%20Copy%20of%20Rebel%20With%20A%20Cause%20Today - via%20%40SamaritansPurse\">\r\n                <div class=\"social social-tw\"><\/div>\r\n            <\/a>\r\n            <span>Tweet<\/span>\r\n        <\/div>\r\n    \r\n        <div>\r\n            <a href=\"javascript:void((function(){var%20e=document.createElement('script');e.setAttribute('type','text\/javascript');e.setAttribute('charset','UTF-8');e.setAttribute('src','https:\/\/assets.pinterest.com\/js\/pinmarklet.js?r='+Math.random()*99999999);document.body.appendChild(e)})());\">\r\n                <div class=\"social social-pin\" onclick=\"doPinIt();\"><\/div>\r\n                <span>Pin<\/span>\r\n            <\/a>\r\n        <\/div>\r\n    \r\n        <div>\r\n            <a title=\"Los equipos de U.S. Disaster Relief est\u00e1n ayudando a los propietarios en Colorado en el nombre de Jes\u00fas despu\u00e9s de lo que algunos han llamado el peor incendio en la historia de Colorado.\" href=\"mailto:?subject=Order Your Free Copy Today&amp;body=You can order a free copy of Franklin Graham's autobiography, <em>Rebel With a Cause: Finally Comfortable Being Graham<\/em>. Read the stirring account of his early struggles, how he came to faith in Christ, and the opportunities God has given him to minister to people around the world. http:\/\/sampur.se\/2e254kS <br> <strong>Offer valid while supplies last. Limit one book per address. Allow 2-3 weeks for delivery. U.S. orders only.<\/strong>\">\r\n                <div class=\"social social-em\"><\/div>\r\n            <\/a>\r\n            <span>Correo electr\u00f3nico<\/span>\r\n        <\/div>\r\n        <div>\r\n            <a title=\"RSS Feed\" href=\"http:\/\/feeds.feedblitz.com\/SamaritansPurse\">\r\n                <div class=\"social social-rss\"><\/div>\r\n            <\/a> \r\n            <span>Subscribe<\/span>\r\n        <\/div> \r\n    <\/div>   \r\n  \r\n\t<p>You can order a free copy of Franklin Graham's autobiography, <em>Rebel With a Cause: Finally Comfortable Being Graham<\/em>. Read the stirring account of his early struggles, how he came to faith in Christ, and the opportunities God has given him to minister to people around the world.<\/p>\r\n\r\n<p><strong>Offer valid while supplies last. Limit one book per address. Allow 2-3 weeks for delivery. U.S. orders only.<\/strong><\/p>\r\n<\/div>\t    \r\n                 \r\n<div style=\"height:40px;\">&nbsp;<\/div>\t\r\n\r\n\r\n<!--<div class=\"section column initial\">\r\n\t<div class=\"donation-section\">\r\n\t\t<p>Thanks for contacting us! Your book will be shipped to you soon.<p>\r\n                <p>To learn more about the work of Samaritan's Purse, visit our <a href=\"https:\/\/www.samaritanspurse.org\">home page<\/a>.<\/p>\r\n\t<\/div>\r\n<\/div>-->\r\n\r\n\r\n        <div class=\"section column initial\">\r\n            <div class=\"form-wrapper\">\r\n                            \r\n                <div class=\"form-rightside\">\r\n                    <p>Thanks for contacting us! Your book will be shipped to you soon.<p>\r\n                    <p>To learn more about the work of Samaritan's Purse, visit our <a href=\"https:\/\/www.samaritanspurse.org\/es\/\">home page<\/a>.<\/p>\r\n                <\/div>            \r\n            \r\n            <\/div>\r\n        <\/div>\r\n\r\n\r\n<div style=\"height:40px;\">&nbsp;<\/div>","protected":false},"excerpt":{"rendered":"Rebel With a Cause Order Your Free Copy Today Share Tweet Pin Email Subscribe You can order a free copy of Franklin Graham's autobiography, Rebel With a Cause: Finally Comfortable Being Graham. Read the stirring account of his early struggles, how he came to faith in Christ, and the opportunities God has given him to [&#038;hellip","protected":false},"author":19,"featured_media":0,"parent":0,"menu_order":0,"comment_status":"closed","ping_status":"closed","template":"single-post-templates\/single-sp-landing-pages-tabula-rasa.php","meta":{"_relevanssi_hide_post":"","_relevanssi_hide_content":"","_relevanssi_pin_for_all":"","_relevanssi_pin_keywords":"","_relevanssi_unpin_keywords":"","_relevanssi_related_keywords":"","_relevanssi_related_include_ids":"","_relevanssi_related_exclude_ids":"","_relevanssi_related_no_append":"","_relevanssi_related_not_related":"","_relevanssi_related_posts":"","_relevanssi_noindex_reason":"","footnotes":"","_links_to":"","_links_to_target":""},"class_list":["post-69305","page","type-page","status-publish","hentry","entry"],"_links":{"self":[{"href":"https:\/\/www.samaritanspurse.org\/es\/wp-json\/wp\/v2\/pages\/69305","targetHints":{"allow":["GET"]}}],"collection":[{"href":"https:\/\/www.samaritanspurse.org\/es\/wp-json\/wp\/v2\/pages"}],"about":[{"href":"https:\/\/www.samaritanspurse.org\/es\/wp-json\/wp\/v2\/types\/page"}],"author":[{"embeddable":true,"href":"https:\/\/www.samaritanspurse.org\/es\/wp-json\/wp\/v2\/users\/19"}],"replies":[{"embeddable":true,"href":"https:\/\/www.samaritanspurse.org\/es\/wp-json\/wp\/v2\/comments?post=69305"}],"version-history":[{"count":6,"href":"https:\/\/www.samaritanspurse.org\/es\/wp-json\/wp\/v2\/pages\/69305\/revisions"}],"predecessor-version":[{"id":79232,"href":"https:\/\/www.samaritanspurse.org\/es\/wp-json\/wp\/v2\/pages\/69305\/revisions\/79232"}],"wp:attachment":[{"href":"https:\/\/www.samaritanspurse.org\/es\/wp-json\/wp\/v2\/media?parent=69305"}],"curies":[{"name":"wp","href":"https:\/\/api.w.org\/{rel}","templated":true}]}}